{"id":90,"date":"2025-01-13T19:06:39","date_gmt":"2025-01-13T18:06:39","guid":{"rendered":"https:\/\/tekhybrid.com\/?page_id=90"},"modified":"2025-01-14T16:29:49","modified_gmt":"2025-01-14T15:29:49","slug":"modules","status":"publish","type":"page","link":"https:\/\/tekhybrid.com\/?page_id=90","title":{"rendered":"Syst\u00e8me modulaire"},"content":{"rendered":"\n<p class=\"has-text-align-center has-medium-font-size\">La puissance de la M1 Pro r\u00e9side dans son syst\u00e8me modulaire, capable d\u2019int\u00e9grer divers modules de fabrication et de contr\u00f4le pour r\u00e9pondre \u00e0 vos besoins.<\/p>\n\n\n\n<div class=\"wp-block-group has-global-padding is-layout-constrained wp-block-group-is-layout-constrained\">\n<figure class=\"wp-block-image alignfull size-large\"><img loading=\"lazy\" decoding=\"async\" width=\"1024\" height=\"390\" src=\"https:\/\/tekhybrid.com\/wp-content\/uploads\/2024\/12\/doks-general-1920-1024x390.jpg\" alt=\"\" class=\"wp-image-208\" srcset=\"https:\/\/tekhybrid.com\/wp-content\/uploads\/2024\/12\/doks-general-1920-1024x390.jpg 1024w, https:\/\/tekhybrid.com\/wp-content\/uploads\/2024\/12\/doks-general-1920-300x114.jpg 300w, https:\/\/tekhybrid.com\/wp-content\/uploads\/2024\/12\/doks-general-1920-768x293.jpg 768w, https:\/\/tekhybrid.com\/wp-content\/uploads\/2024\/12\/doks-general-1920-1536x586.jpg 1536w, https:\/\/tekhybrid.com\/wp-content\/uploads\/2024\/12\/doks-general-1920.jpg 1920w\" sizes=\"auto, (max-width: 1024px) 100vw, 1024px\" \/><\/figure>\n<\/div>\n\n\n\n<hr class=\"wp-block-separator has-text-color has-secondary-color has-alpha-channel-opacity has-secondary-background-color has-background is-style-wide\"\/>\n\n\n\n<div class=\"wp-block-group has-global-padding is-layout-constrained wp-block-group-is-layout-constrained\">\n<div class=\"wp-block-columns is-layout-flex wp-container-core-columns-is-layout-28f84493 wp-block-columns-is-layout-flex\">\n<div class=\"wp-block-column is-vertically-aligned-center is-layout-flow wp-block-column-is-layout-flow\" style=\"flex-basis:50%\">\n<figure class=\"wp-block-image size-full\"><img loading=\"lazy\" decoding=\"async\" width=\"1024\" height=\"700\" src=\"https:\/\/tekhybrid.com\/wp-content\/uploads\/2025\/01\/Docks_fmt1024.jpg\" alt=\"\" class=\"wp-image-251\" srcset=\"https:\/\/tekhybrid.com\/wp-content\/uploads\/2025\/01\/Docks_fmt1024.jpg 1024w, https:\/\/tekhybrid.com\/wp-content\/uploads\/2025\/01\/Docks_fmt1024-300x205.jpg 300w, https:\/\/tekhybrid.com\/wp-content\/uploads\/2025\/01\/Docks_fmt1024-768x525.jpg 768w\" sizes=\"auto, (max-width: 1024px) 100vw, 1024px\" \/><\/figure>\n<\/div>\n\n\n\n<div class=\"wp-block-column is-layout-flow wp-block-column-is-layout-flow\" style=\"flex-basis:50%\">\n<p class=\"has-text-align-left\">Les modules se composent d\u2019une station d\u2019accueil associ\u00e9e \u00e0 un outil sp\u00e9cifique. La M1 Pro peut prendre en charge jusqu\u2019\u00e0 12 modules simultan\u00e9ment, chacun \u00e9tant ind\u00e9pendant. Chaque module s\u2019installe facilement en l\u2019ins\u00e9rant dans l\u2019un des emplacements disponibles, sans n\u00e9cessiter d\u2019ajustement complexe. <\/p>\n\n\n\n<p class=\"has-text-align-left\">Cette conception modulaire garantit une grande flexibilit\u00e9, permettant de personnaliser la machine en fonction des besoins particuliers de chaque utilisateur.<\/p>\n\n\n\n<p class=\"has-text-align-left\">La station d\u2019accueil joue un r\u00f4le cl\u00e9 en faisant le lien entre l\u2019outil et la machine. Elle int\u00e8gre tous les \u00e9l\u00e9ments et toutes les informations n\u00e9cessaires \u00e0 la mise en \u0153uvre de l\u2019outil.<\/p>\n\n\n\n<p class=\"has-text-align-left\">L&rsquo;outil lui constitue la partie active du module. Il s&rsquo;attache au chariot mobile lors de sa phase d&rsquo;utilisation, lui permettant ainsi de couvrir l&rsquo;int\u00e9gralit\u00e9 de la surface de travail. Une fois les op\u00e9rations effectu\u00e9es, l&rsquo;outil est ramen\u00e9 \u00e0 sa station d&rsquo;accueil et mis en attente pour \u00eatre pr\u00eat \u00e0 une prochaine utilisation.<\/p>\n<\/div>\n<\/div>\n<\/div>\n\n\n\n<div class=\"wp-block-group has-base-background-color has-background has-global-padding is-layout-constrained wp-block-group-is-layout-constrained\">\n<div class=\"wp-block-columns is-layout-flex wp-container-core-columns-is-layout-28f84493 wp-block-columns-is-layout-flex\">\n<div class=\"wp-block-column is-vertically-aligned-top is-layout-flow wp-block-column-is-layout-flow\" style=\"flex-basis:50%\">\n<h3 class=\"wp-block-heading has-text-align-right\">FDM<\/h3>\n\n\n\n<p class=\"has-text-align-right has-small-font-size\">Pour le module FDM, la station d\u2019accueil g\u00e8re :<\/p>\n\n\n\n<ul class=\"wp-block-list has-small-font-size\">\n<li>Le chargement et le d\u00e9chargement du filament,<\/li>\n\n\n\n<li>L\u2019extrusion pr\u00e9alable avant utilisation,<\/li>\n\n\n\n<li>La r\u00e9gulation des temp\u00e9ratures pendant les phases d\u2019attente,<\/li>\n\n\n\n<li>L\u2019ensemble des v\u00e9rifications n\u00e9cessaires pour assurer son fonctionnement (Alimentation en fil, alignement moteur, etc&#8230;) .<\/li>\n<\/ul>\n\n\n\n<p class=\"has-text-align-right has-small-font-size\">L&rsquo;outil est ici classiquement constitu\u00e9 d&rsquo;une buse, des \u00e9l\u00e9ments pour la chauffe et son contr\u00f4le, mais aussi de la partie entra\u00eenement du fil, la motorisation \u00e9tant elle assur\u00e9e soit par le chariot, soit par la station d\u2019accueil.<\/p>\n\n\n\n<p class=\"has-text-align-right\">Les outils sont optimis\u00e9s pour chaque type de mat\u00e9riau : PLA, PET, PETG, ABS, ASA, PC, PLA PRO, mat\u00e9riaux charg\u00e9s, et bien d&rsquo;autres.<\/p>\n<\/div>\n\n\n\n<div class=\"wp-block-column is-vertically-aligned-center is-layout-flow wp-block-column-is-layout-flow\" style=\"flex-basis:50%\">\n<figure class=\"wp-block-image aligncenter size-full\"><img loading=\"lazy\" decoding=\"async\" width=\"1024\" height=\"700\" src=\"https:\/\/tekhybrid.com\/wp-content\/uploads\/2025\/01\/Dock-FDM-fmt1024.jpg\" alt=\"\" class=\"wp-image-250\" style=\"object-fit:cover\" srcset=\"https:\/\/tekhybrid.com\/wp-content\/uploads\/2025\/01\/Dock-FDM-fmt1024.jpg 1024w, https:\/\/tekhybrid.com\/wp-content\/uploads\/2025\/01\/Dock-FDM-fmt1024-300x205.jpg 300w, https:\/\/tekhybrid.com\/wp-content\/uploads\/2025\/01\/Dock-FDM-fmt1024-768x525.jpg 768w\" sizes=\"auto, (max-width: 1024px) 100vw, 1024px\" \/><\/figure>\n<\/div>\n<\/div>\n<\/div>\n\n\n\n<div class=\"wp-block-group has-global-padding is-layout-constrained wp-block-group-is-layout-constrained\">\n<hr class=\"wp-block-separator has-text-color has-base-color has-alpha-channel-opacity has-base-background-color has-background is-style-wide\"\/>\n\n\n\n<div class=\"wp-block-columns is-layout-flex wp-container-core-columns-is-layout-28f84493 wp-block-columns-is-layout-flex\">\n<div class=\"wp-block-column is-vertically-aligned-top is-layout-flow wp-block-column-is-layout-flow\" style=\"flex-basis:50%\">\n<h3 class=\"wp-block-heading has-text-align-right\">3D Probe<\/h3>\n\n\n\n<p class=\"has-text-align-right\">L&rsquo;outil est ici un palpeur 3D qui  d\u00e9tecte les contacts dans les trois dimensions. Son utilisation est multiple, il peut \u00eatre utilis\u00e9 par diverses fonctions pr\u00e9sentes sur la M1:<\/p>\n\n\n\n<ul class=\"wp-block-list\">\n<li>Pour les proc\u00e9dures de calibration<\/li>\n\n\n\n<li>Pour les contr\u00f4les pendant ou en fin de fabrication,<\/li>\n\n\n\n<li>Pour des relev\u00e9s dimensionnels en dehors des impressions.<\/li>\n<\/ul>\n\n\n\n<p class=\"has-text-align-right\">Ce module est pr\u00e9sent par d\u00e9faut dans la configuration de base la M1 Pro.<\/p>\n<\/div>\n\n\n\n<div class=\"wp-block-column is-vertically-aligned-center is-layout-flow wp-block-column-is-layout-flow\" style=\"flex-basis:50%\">\n<figure class=\"wp-block-image size-full\"><img loading=\"lazy\" decoding=\"async\" width=\"1024\" height=\"700\" src=\"https:\/\/tekhybrid.com\/wp-content\/uploads\/2025\/01\/Dock-Probe_fmt1024.jpg\" alt=\"\" class=\"wp-image-252\" style=\"object-fit:cover\" srcset=\"https:\/\/tekhybrid.com\/wp-content\/uploads\/2025\/01\/Dock-Probe_fmt1024.jpg 1024w, https:\/\/tekhybrid.com\/wp-content\/uploads\/2025\/01\/Dock-Probe_fmt1024-300x205.jpg 300w, https:\/\/tekhybrid.com\/wp-content\/uploads\/2025\/01\/Dock-Probe_fmt1024-768x525.jpg 768w\" sizes=\"auto, (max-width: 1024px) 100vw, 1024px\" \/><\/figure>\n<\/div>\n<\/div>\n<\/div>\n\n\n\n<div class=\"wp-block-group has-global-padding is-layout-constrained wp-block-group-is-layout-constrained\">\n<hr class=\"wp-block-separator has-text-color has-base-color has-alpha-channel-opacity has-base-background-color has-background is-style-wide\"\/>\n\n\n\n<div class=\"wp-block-columns is-layout-flex wp-container-core-columns-is-layout-28f84493 wp-block-columns-is-layout-flex\">\n<div class=\"wp-block-column is-vertically-aligned-top is-layout-flow wp-block-column-is-layout-flow\" style=\"flex-basis:50%\">\n<h3 class=\"wp-block-heading has-text-align-right\">LASER<\/h3>\n\n\n\n<p class=\"has-text-align-right has-medium-font-size\">Ce module peut avoir pour outil un laser bleu (10W &#8211; 445 nm) ou I.R. .(2W &#8211; 1064nm). Le choix du type de laser d\u00e9pend de son usage, ainsi que des mat\u00e9riaux sur lequels il sera amen\u00e9 \u00e0 travailler.<\/p>\n\n\n\n<p class=\"has-text-align-right has-medium-font-size\">Ce module est l&rsquo;une des solutions propos\u00e9es  pour la gravure et le marquage des pi\u00e8ces fabriqu\u00e9es.<\/p>\n\n\n\n<p><\/p>\n<\/div>\n\n\n\n<div class=\"wp-block-column is-vertically-aligned-center is-layout-flow wp-block-column-is-layout-flow\" style=\"flex-basis:50%\">\n<figure class=\"wp-block-image size-full\"><img loading=\"lazy\" decoding=\"async\" width=\"1024\" height=\"700\" src=\"https:\/\/tekhybrid.com\/wp-content\/uploads\/2025\/01\/Dock-Laser_fmt1024.jpg\" alt=\"\" class=\"wp-image-249\" style=\"object-fit:cover\" srcset=\"https:\/\/tekhybrid.com\/wp-content\/uploads\/2025\/01\/Dock-Laser_fmt1024.jpg 1024w, https:\/\/tekhybrid.com\/wp-content\/uploads\/2025\/01\/Dock-Laser_fmt1024-300x205.jpg 300w, https:\/\/tekhybrid.com\/wp-content\/uploads\/2025\/01\/Dock-Laser_fmt1024-768x525.jpg 768w\" sizes=\"auto, (max-width: 1024px) 100vw, 1024px\" \/><\/figure>\n<\/div>\n<\/div>\n<\/div>\n\n\n\n<div class=\"wp-block-group has-tertiary-background-color has-background has-global-padding is-layout-constrained wp-container-core-group-is-layout-e555385e wp-block-group-is-layout-constrained\" style=\"min-height:0px\">\n<div class=\"wp-block-columns is-layout-flex wp-container-core-columns-is-layout-28f84493 wp-block-columns-is-layout-flex\">\n<div class=\"wp-block-column is-layout-flow wp-block-column-is-layout-flow\">\n<p>   <\/p>\n\n\n\n<p class=\"has-text-align-center\">D&rsquo;autres modules sont en cours de d\u00e9veloppement ou de mise au point. <br>Consultez la fiche technique pour en connaitre la liste. <\/p>\n\n\n\n<p>   <\/p>\n<\/div>\n<\/div>\n\n\n\n<div class=\"wp-block-columns is-layout-flex wp-container-core-columns-is-layout-28f84493 wp-block-columns-is-layout-flex\">\n<div class=\"wp-block-column has-tertiary-color has-secondary-background-color has-text-color has-background has-link-color wp-elements-038a1f0fc40ebea8fcc0ec846598f416 is-layout-flow wp-block-column-is-layout-flow\">\n<p class=\"has-text-align-center has-medium-font-size\" style=\"border-style:none;border-width:0px\">     <br>    <\/p>\n\n\n\n<div class=\"wp-block-buttons is-content-justification-center is-layout-flex wp-container-core-buttons-is-layout-a89b3969 wp-block-buttons-is-layout-flex\">\n<div class=\"wp-block-button is-style-fill\"><a class=\"wp-block-button__link wp-element-button\" href=\"https:\/\/tekhybrid.com\/?page_id=27\" style=\"border-width:2px;border-radius:0px\">En Savoir plus<\/a><\/div>\n<\/div>\n\n\n\n<p>        <br>   <\/p>\n<\/div>\n<\/div>\n<\/div>\n","protected":false},"excerpt":{"rendered":"<p>La puissance de la M1 Pro r\u00e9side dans son syst\u00e8me modulaire, capable d\u2019int\u00e9grer divers modules de fabrication et de contr\u00f4le pour r\u00e9pondre \u00e0 vos besoins. Les modules se composent d\u2019une station d\u2019accueil associ\u00e9e \u00e0 un outil sp\u00e9cifique. La M1 Pro peut prendre en charge jusqu\u2019\u00e0 12 modules simultan\u00e9ment, chacun \u00e9tant ind\u00e9pendant. Chaque module s\u2019installe facilement [&hellip;]<\/p>\n","protected":false},"author":1,"featured_media":0,"parent":0,"menu_order":0,"comment_status":"closed","ping_status":"closed","template":"","meta":{"footnotes":""},"class_list":["post-90","page","type-page","status-publish","hentry"],"jetpack_sharing_enabled":true,"_links":{"self":[{"href":"https:\/\/tekhybrid.com\/index.php?rest_route=\/wp\/v2\/pages\/90","targetHints":{"allow":["GET"]}}],"collection":[{"href":"https:\/\/tekhybrid.com\/index.php?rest_route=\/wp\/v2\/pages"}],"about":[{"href":"https:\/\/tekhybrid.com\/index.php?rest_route=\/wp\/v2\/types\/page"}],"author":[{"embeddable":true,"href":"https:\/\/tekhybrid.com\/index.php?rest_route=\/wp\/v2\/users\/1"}],"replies":[{"embeddable":true,"href":"https:\/\/tekhybrid.com\/index.php?rest_route=%2Fwp%2Fv2%2Fcomments&post=90"}],"version-history":[{"count":41,"href":"https:\/\/tekhybrid.com\/index.php?rest_route=\/wp\/v2\/pages\/90\/revisions"}],"predecessor-version":[{"id":278,"href":"https:\/\/tekhybrid.com\/index.php?rest_route=\/wp\/v2\/pages\/90\/revisions\/278"}],"wp:attachment":[{"href":"https:\/\/tekhybrid.com\/index.php?rest_route=%2Fwp%2Fv2%2Fmedia&parent=90"}],"curies":[{"name":"wp","href":"https:\/\/api.w.org\/{rel}","templated":true}]}}