{"id":159,"date":"2024-12-17T19:57:12","date_gmt":"2024-12-17T18:57:12","guid":{"rendered":"https:\/\/tekhybrid.com\/?page_id=159"},"modified":"2025-01-08T19:58:12","modified_gmt":"2025-01-08T18:58:12","slug":"multi-materiaux-multi-procedes","status":"publish","type":"page","link":"https:\/\/tekhybrid.com\/?page_id=159","title":{"rendered":"Multi-mat\u00e9riaux &amp; Multi-proc\u00e9d\u00e9s"},"content":{"rendered":"\n<div class=\"wp-block-group has-global-padding is-layout-constrained wp-block-group-is-layout-constrained\">\n<p class=\"has-text-align-center has-large-font-size\"><br>Explorez de nouvelles possibilit\u00e9s en alliant flexibilit\u00e9 et performance avec la M1 !<\/p>\n<\/div>\n\n\n\n<div class=\"wp-block-group has-global-padding is-layout-constrained wp-block-group-is-layout-constrained\">\n<h3 class=\"wp-block-heading\">De multiples t\u00eates FDM<strong> pour r\u00e9pondre \u00e0 vos besoins<\/strong><\/h3>\n\n\n\n<figure class=\"wp-block-image aligncenter size-large\"><img loading=\"lazy\" decoding=\"async\" width=\"1024\" height=\"367\" src=\"https:\/\/tekhybrid.com\/wp-content\/uploads\/2025\/01\/6-bobines-1024x367.jpg\" alt=\"\" class=\"wp-image-235\" srcset=\"https:\/\/tekhybrid.com\/wp-content\/uploads\/2025\/01\/6-bobines-1024x367.jpg 1024w, https:\/\/tekhybrid.com\/wp-content\/uploads\/2025\/01\/6-bobines-300x107.jpg 300w, https:\/\/tekhybrid.com\/wp-content\/uploads\/2025\/01\/6-bobines-768x275.jpg 768w, https:\/\/tekhybrid.com\/wp-content\/uploads\/2025\/01\/6-bobines-1536x550.jpg 1536w, https:\/\/tekhybrid.com\/wp-content\/uploads\/2025\/01\/6-bobines.jpg 1983w\" sizes=\"auto, (max-width: 1024px) 100vw, 1024px\" \/><\/figure>\n\n\n\n<p>Avec la M1, exploitez pleinement les possibilit\u00e9s offertes par des t\u00eates FDM multiples et sp\u00e9cialis\u00e9es :<\/p>\n\n\n\n<ul class=\"wp-block-list\">\n<li><strong><mark style=\"background-color:rgba(0, 0, 0, 0)\" class=\"has-inline-color has-secondary-color\">Mat\u00e9riaux multiples<\/mark><\/strong> : combinez diff\u00e9rents mat\u00e9riaux sur une m\u00eame pi\u00e8ce gr\u00e2ce \u00e0 des t\u00eates adapt\u00e9es \u00e0 vos filaments.<\/li>\n\n\n\n<li><strong><mark style=\"background-color:rgba(0, 0, 0, 0)\" class=\"has-inline-color has-secondary-color\">Tailles de buse sur mesure<\/mark><\/strong> : adaptez les diam\u00e8tres de buse aux g\u00e9om\u00e9tries de votre pi\u00e8ce, optimisant ainsi le temps de fabrication tout en pr\u00e9servant la pr\u00e9cision l\u00e0 o\u00f9 elle est essentielle.<\/li>\n\n\n\n<li><strong><mark style=\"background-color:rgba(0, 0, 0, 0)\" class=\"has-inline-color has-secondary-color\">Personnalisation accrue<\/mark><\/strong> : apportez des touches de couleurs \u00e0 vos cr\u00e9ations.<\/li>\n<\/ul>\n<\/div>\n\n\n\n<div class=\"wp-block-group has-global-padding is-layout-constrained wp-block-group-is-layout-constrained\">\n<h3 class=\"wp-block-heading\"><br>Envie d\u2019explorer d\u2019autres proc\u00e9d\u00e9s ?<\/h3>\n\n\n\n<p><br>La M1 Pro int\u00e8gre des proc\u00e9d\u00e9s suppl\u00e9mentaires en compl\u00e9ment du FDM, tels que le d\u00e9p\u00f4t de mat\u00e9riaux sous forme liquide et le d\u00e9p\u00f4t de fibres continues, r\u00e9pondant ainsi \u00e0 des exigences techniques vari\u00e9es. Ces technologies \u00e9largissent le champ d&rsquo;application de la machine, permettant de traiter des projets complexes ou n\u00e9cessitant des mat\u00e9riaux adapt\u00e9s. Pour en savoir plus sur ces options et leurs b\u00e9n\u00e9fices, n\u2019h\u00e9sitez pas \u00e0 nous contacter.<\/p>\n<\/div>\n\n\n\n<div class=\"wp-block-group has-global-padding is-layout-constrained wp-block-group-is-layout-constrained\">\n<h3 class=\"wp-block-heading\"><br>Des modules innovants pour enrichir vos fabrications<\/h3>\n\n\n\n<ul class=\"wp-block-list\">\n<li><strong><mark style=\"background-color:rgba(0, 0, 0, 0)\" class=\"has-inline-color has-secondary-color\">Pick and Place<\/mark><\/strong> :Ins\u00e9rez des composants ou des \u00e9l\u00e9ments directement au cours de la fabrication, \u00e9liminant ainsi la n\u00e9cessit\u00e9 de pauses ou d\u2019assemblages suppl\u00e9mentaires.<\/li>\n\n\n\n<li><mark style=\"background-color:rgba(0, 0, 0, 0)\" class=\"has-inline-color has-secondary-color\"><strong>Lisseur<\/strong> <\/mark>: am\u00e9liorez l\u2019\u00e9tat de surface de vos pi\u00e8ces pour obtenir un rendu impeccable sans n\u00e9cessiter de post-traitement manuel.<\/li>\n\n\n\n<li><strong><mark style=\"background-color:rgba(0, 0, 0, 0)\" class=\"has-inline-color has-secondary-color\">Pen et Laser<\/mark><\/strong> : r\u00e9alisez des marquages ou des gravures d\u00e9taill\u00e9es directement sur vos pi\u00e8ces, offrant une personnalisation et une identification des pi\u00e8ces.<\/li>\n\n\n\n<li><strong><mark style=\"background-color:rgba(0, 0, 0, 0)\" class=\"has-inline-color has-secondary-color\">Micro fraise<\/mark><\/strong> : affinez vos g\u00e9om\u00e9tries avec pr\u00e9cision, id\u00e9al pour des ajustements  ou des finitions d\u00e9taill\u00e9es.<\/li>\n\n\n\n<li><strong><mark style=\"background-color:rgba(0, 0, 0, 0)\" class=\"has-inline-color has-secondary-color\">Sonde 3D<\/mark><\/strong> : pour les calibrations, mais \u00e9galement pour effectuer des contr\u00f4les dimensionnels pr\u00e9cis et v\u00e9rifier la qualit\u00e9 de vos pi\u00e8ces en cours ou en fin de fabrication.<\/li>\n<\/ul>\n<\/div>\n\n\n\n<p><\/p>\n","protected":false},"excerpt":{"rendered":"<p>Explorez de nouvelles possibilit\u00e9s en alliant flexibilit\u00e9 et performance avec la M1 ! De multiples t\u00eates FDM pour r\u00e9pondre \u00e0 vos besoins Avec la M1, exploitez pleinement les possibilit\u00e9s offertes par des t\u00eates FDM multiples et sp\u00e9cialis\u00e9es : Envie d\u2019explorer d\u2019autres proc\u00e9d\u00e9s ? La M1 Pro int\u00e8gre des proc\u00e9d\u00e9s suppl\u00e9mentaires en compl\u00e9ment du FDM, tels [&hellip;]<\/p>\n","protected":false},"author":1,"featured_media":0,"parent":0,"menu_order":0,"comment_status":"closed","ping_status":"closed","template":"","meta":{"footnotes":""},"class_list":["post-159","page","type-page","status-publish","hentry"],"jetpack_sharing_enabled":true,"_links":{"self":[{"href":"https:\/\/tekhybrid.com\/index.php?rest_route=\/wp\/v2\/pages\/159","targetHints":{"allow":["GET"]}}],"collection":[{"href":"https:\/\/tekhybrid.com\/index.php?rest_route=\/wp\/v2\/pages"}],"about":[{"href":"https:\/\/tekhybrid.com\/index.php?rest_route=\/wp\/v2\/types\/page"}],"author":[{"embeddable":true,"href":"https:\/\/tekhybrid.com\/index.php?rest_route=\/wp\/v2\/users\/1"}],"replies":[{"embeddable":true,"href":"https:\/\/tekhybrid.com\/index.php?rest_route=%2Fwp%2Fv2%2Fcomments&post=159"}],"version-history":[{"count":11,"href":"https:\/\/tekhybrid.com\/index.php?rest_route=\/wp\/v2\/pages\/159\/revisions"}],"predecessor-version":[{"id":237,"href":"https:\/\/tekhybrid.com\/index.php?rest_route=\/wp\/v2\/pages\/159\/revisions\/237"}],"wp:attachment":[{"href":"https:\/\/tekhybrid.com\/index.php?rest_route=%2Fwp%2Fv2%2Fmedia&parent=159"}],"curies":[{"name":"wp","href":"https:\/\/api.w.org\/{rel}","templated":true}]}}